{"id":83,"date":"2023-02-13T07:15:15","date_gmt":"2023-02-13T07:15:15","guid":{"rendered":"https:\/\/themegenix.net\/reland\/?page_id=83"},"modified":"2024-09-09T17:44:13","modified_gmt":"2024-09-09T17:44:13","slug":"iletisim","status":"publish","type":"page","link":"https:\/\/innbesiktas.com\/en\/iletisim\/","title":{"rendered":"Contact"},"content":{"rendered":"\t\t<div data-elementor-type=\"wp-page\" data-elementor-id=\"83\" class=\"elementor elementor-83\">\n\t\t\t\t\t\t<section class=\"elementor-section elementor-top-section elementor-element elementor-element-aa87f04 elementor-section-full_width elementor-section-height-default elementor-section-height-default\" data-id=\"aa87f04\" data-element_type=\"section\">\n\t\t\t\t\t\t<div class=\"elementor-container elementor-column-gap-no\">\n\t\t\t\t\t<div class=\"elementor-column elementor-col-100 elementor-top-column elementor-element elementor-element-e53f6b7\" data-id=\"e53f6b7\" data-element_type=\"column\">\n\t\t\t<div class=\"elementor-widget-wrap\">\n\t\t\t\t\t\t\t<\/div>\n\t\t<\/div>\n\t\t\t\t\t<\/div>\n\t\t<\/section>\n\t\t\t\t<section class=\"elementor-section elementor-top-section elementor-element elementor-element-7849a39 elementor-section-boxed elementor-section-height-default elementor-section-height-default\" data-id=\"7849a39\" data-element_type=\"section\">\n\t\t\t\t\t\t<div class=\"elementor-container elementor-column-gap-no\">\n\t\t\t\t\t<div class=\"elementor-column elementor-col-100 elementor-top-column elementor-element elementor-element-c9083bc\" data-id=\"c9083bc\" data-element_type=\"column\">\n\t\t\t<div class=\"elementor-widget-wrap elementor-element-populated\">\n\t\t\t\t\t\t<div class=\"elementor-element elementor-element-08b4306 elementor-widget elementor-widget-tg-contact\" data-id=\"08b4306\" data-element_type=\"widget\" data-widget_type=\"tg-contact.default\">\n\t\t\t\t<div class=\"elementor-widget-container\">\n\t\t\t\r\n        <!-- contact-info -->\r\n        <section class=\"contact-info\">\r\n            <div class=\"container\">\r\n                <div class=\"row justify-content-center\">\r\n\r\n                                        <div class=\"col-lg-4 col-md-6 col-sm-10\">\r\n                        <div class=\"contact-info-item\">\r\n\r\n                            <span class=\"sub-title\">Arab\u0131c - Engl\u0131sh<\/span>\r\n\r\n                            <h2 class=\"title\">Rana Sami <\/h2>\r\n                            <ul class=\"list-wrap\">\r\n\r\n                                <li><a href=\"mailto:\"><\/a><\/li>\r\n\r\n                                <li><a href=\"tel:+905433473206\">+905433473206<\/a><\/li>\r\n                            <\/ul>\r\n                        <\/div>\r\n                    <\/div>\r\n                                        <div class=\"col-lg-4 col-md-6 col-sm-10\">\r\n                        <div class=\"contact-info-item\">\r\n\r\n                            <span class=\"sub-title\">Engl\u0131sh - Turk\u0131sh<\/span>\r\n\r\n                            <h2 class=\"title\">Bu\u011fra Karakaya<\/h2>\r\n                            <ul class=\"list-wrap\">\r\n\r\n                                <li><a href=\"mailto:\"><\/a><\/li>\r\n\r\n                                <li><a href=\"tel:+905421395614\">+905421395614<\/a><\/li>\r\n                            <\/ul>\r\n                        <\/div>\r\n                    <\/div>\r\n                                        <div class=\"col-lg-4 col-md-6 col-sm-10\">\r\n                        <div class=\"contact-info-item\">\r\n\r\n                            <span class=\"sub-title\">Engl\u0131sh- Pers\u0131an- Turk\u0131sh<\/span>\r\n\r\n                            <h2 class=\"title\">Emir Ferit<\/h2>\r\n                            <ul class=\"list-wrap\">\r\n\r\n                                <li><a href=\"mailto:\"><\/a><\/li>\r\n\r\n                                <li><a href=\"tel:+905413396087\">+905413396087<\/a><\/li>\r\n                            <\/ul>\r\n                        <\/div>\r\n                    <\/div>\r\n                                        <div class=\"col-lg-4 col-md-6 col-sm-10\">\r\n                        <div class=\"contact-info-item\">\r\n\r\n                            <span class=\"sub-title\">Arab\u0131c - Engl\u0131sh<\/span>\r\n\r\n                            <h2 class=\"title\">Rawan Sami<\/h2>\r\n                            <ul class=\"list-wrap\">\r\n\r\n                                <li><a href=\"mailto:\"><\/a><\/li>\r\n\r\n                                <li><a href=\"tel:+90543 473058\">+90543 473058<\/a><\/li>\r\n                            <\/ul>\r\n                        <\/div>\r\n                    <\/div>\r\n                    \r\n                <\/div>\r\n            <\/div>\r\n        <\/section>\r\n        <!-- contact-info-end -->\r\n\r\n    \t\t<\/div>\n\t\t\t\t<\/div>\n\t\t\t\t<div class=\"elementor-element elementor-element-adedce0 elementor-widget elementor-widget-google_maps\" data-id=\"adedce0\" data-element_type=\"widget\" data-widget_type=\"google_maps.default\">\n\t\t\t\t<div class=\"elementor-widget-container\">\n\t\t\t<style>\/*! elementor - v3.23.0 - 05-08-2024 *\/\n.elementor-widget-google_maps .elementor-widget-container{overflow:hidden}.elementor-widget-google_maps .elementor-custom-embed{line-height:0}.elementor-widget-google_maps iframe{height:300px}<\/style>\t\t<div class=\"elementor-custom-embed\">\n\t\t\t<iframe loading=\"lazy\"\n\t\t\t\t\tsrc=\"https:\/\/maps.google.com\/maps?q=Fulya%2C%20Hakk%C4%B1%20Yeten%20Cd.%20Selenium%20Plaza%20No%3A10%2F1%20Kat%3A5-6%2C%2034349%20Be%C5%9Fikta%C5%9F%2F%C4%B0stanbul&#038;t=m&#038;z=13&#038;output=embed&#038;iwloc=near\"\n\t\t\t\t\ttitle=\"Fulya, Hakk\u0131 Yeten Cd. Selenium Plaza No:10\/1 Kat:5-6, 34349 Be\u015fikta\u015f\/\u0130stanbul\"\n\t\t\t\t\taria-label=\"Fulya, Hakk\u0131 Yeten Cd. Selenium Plaza No:10\/1 Kat:5-6, 34349 Be\u015fikta\u015f\/\u0130stanbul\"\n\t\t\t><\/iframe>\n\t\t<\/div>\n\t\t\t\t<\/div>\n\t\t\t\t<\/div>\n\t\t\t\t\t<\/div>\n\t\t<\/div>\n\t\t\t\t\t<\/div>\n\t\t<\/section>\n\t\t\t\t<section class=\"elementor-section elementor-top-section elementor-element elementor-element-30a282c elementor-section-boxed elementor-section-height-default elementor-section-height-default\" data-id=\"30a282c\" data-element_type=\"section\">\n\t\t\t\t\t\t<div class=\"elementor-container elementor-column-gap-no\">\n\t\t\t\t\t<div class=\"elementor-column elementor-col-100 elementor-top-column elementor-element elementor-element-b00a6b8\" data-id=\"b00a6b8\" data-element_type=\"column\">\n\t\t\t<div class=\"elementor-widget-wrap elementor-element-populated\">\n\t\t\t\t\t\t<div class=\"elementor-element elementor-element-2679014 elementor-widget elementor-widget-tp-heading\" data-id=\"2679014\" data-element_type=\"widget\" data-widget_type=\"tp-heading.default\">\n\t\t\t\t<div class=\"elementor-widget-container\">\n\t\t\t\r\n\t\t\r\n            <div class=\"section-title\">\r\n\r\n                <span class=\"sub-title\">LET'S GET IN TOUCH<\/span>\r\n                <h2 class=\"title\">LEAVE A MESSAGE!<\/h2>\r\n                \r\n            <\/div>\r\n\r\n        \r\n        \t\t<\/div>\n\t\t\t\t<\/div>\n\t\t\t\t<div class=\"elementor-element elementor-element-c03296a elementor-widget elementor-widget-shortcode\" data-id=\"c03296a\" data-element_type=\"widget\" data-widget_type=\"shortcode.default\">\n\t\t\t\t<div class=\"elementor-widget-container\">\n\t\t\t\t\t<div class=\"elementor-shortcode\">\n<div class=\"wpcf7 no-js\" id=\"wpcf7-f796-o1\" lang=\"en-US\" dir=\"ltr\">\n<div class=\"screen-reader-response\"><p role=\"status\" aria-live=\"polite\" aria-atomic=\"true\"><\/p> <ul><\/ul><\/div>\n<form action=\"\/en\/wp-json\/wp\/v2\/pages\/83#wpcf7-f796-o1\" method=\"post\" class=\"wpcf7-form init\" aria-label=\"Contact form\" novalidate=\"novalidate\" data-status=\"init\">\n<div style=\"display: none;\">\n<input type=\"hidden\" name=\"_wpcf7\" value=\"796\" \/>\n<input type=\"hidden\" name=\"_wpcf7_version\" value=\"5.9.8\" \/>\n<input type=\"hidden\" name=\"_wpcf7_locale\" value=\"en_US\" \/>\n<input type=\"hidden\" name=\"_wpcf7_unit_tag\" value=\"wpcf7-f796-o1\" \/>\n<input type=\"hidden\" name=\"_wpcf7_container_post\" value=\"0\" \/>\n<input type=\"hidden\" name=\"_wpcf7_posted_data_hash\" value=\"\" \/>\n<\/div>\n<div class=\"contact-form-wrap\">\n    <div class=\"row\">\n        <div class=\"col-md-6\">\n            <div class=\"form-grp\">\n                <span class=\"wpcf7-form-control-wrap\" data-name=\"your-name\"><input size=\"40\" maxlength=\"400\" class=\"wpcf7-form-control wpcf7-text wpcf7-validates-as-required\" aria-required=\"true\" aria-invalid=\"false\" placeholder=\"Your Name\" value=\"\" type=\"text\" name=\"your-name\" \/><\/span>\n            <\/div>\n        <\/div>\n        <div class=\"col-md-6\">\n            <div class=\"form-grp\">\n                <span class=\"wpcf7-form-control-wrap\" data-name=\"your-email\"><input size=\"40\" maxlength=\"400\" class=\"wpcf7-form-control wpcf7-email wpcf7-validates-as-required wpcf7-text wpcf7-validates-as-email\" aria-required=\"true\" aria-invalid=\"false\" placeholder=\"Your Email Address\" value=\"\" type=\"email\" name=\"your-email\" \/><\/span>\n            <\/div>\n        <\/div>\n    <\/div>\n    <div class=\"row\">\n        <div class=\"col-md-6\">\n            <div class=\"form-grp\">\n                <span class=\"wpcf7-form-control-wrap\" data-name=\"your-phone\"><input size=\"40\" maxlength=\"400\" class=\"wpcf7-form-control wpcf7-tel wpcf7-validates-as-required wpcf7-text wpcf7-validates-as-tel\" aria-required=\"true\" aria-invalid=\"false\" placeholder=\"Your Phone Number\" value=\"\" type=\"tel\" name=\"your-phone\" \/><\/span>\n            <\/div>\n        <\/div>\n        <div class=\"col-md-6\">\n            <div class=\"form-grp\">\n                <span class=\"wpcf7-form-control-wrap\" data-name=\"your-language\"><input size=\"40\" maxlength=\"400\" class=\"wpcf7-form-control wpcf7-text wpcf7-validates-as-required\" aria-required=\"true\" aria-invalid=\"false\" placeholder=\"Language You Speak\" value=\"\" type=\"text\" name=\"your-language\" \/><\/span>\n            <\/div>\n        <\/div>\n    <\/div>\n    <div class=\"form-grp\">\n        <span class=\"wpcf7-form-control-wrap\" data-name=\"your-message\"><textarea cols=\"40\" rows=\"10\" maxlength=\"2000\" class=\"wpcf7-form-control wpcf7-textarea\" aria-invalid=\"false\" placeholder=\"Write Your Message\" name=\"your-message\"><\/textarea><\/span>\n    <\/div>\n    <div class=\"form-check\">\n        <input type=\"checkbox\" class=\"form-check-input\" id=\"checkbox\">\n        <label for=\"checkbox\">I accept the <span>Terms and Conditions<\/span> for processing my personal data<\/label>\n    <\/div>\n    <div class=\"form-submit\">\n        <input class=\"wpcf7-form-control wpcf7-submit has-spinner\" type=\"submit\" value=\"Send\" \/>\n    <\/div>\n<\/div><div class=\"wpcf7-response-output\" aria-hidden=\"true\"><\/div>\n<\/form>\n<\/div>\n<\/div>\n\t\t\t\t<\/div>\n\t\t\t\t<\/div>\n\t\t\t\t\t<\/div>\n\t\t<\/div>\n\t\t\t\t\t<\/div>\n\t\t<\/section>\n\t\t\t\t<\/div>\n\t\t","protected":false},"excerpt":{"rendered":"<p>Arab\u0131c &#8211; Engl\u0131sh Rana Sami +905433473206 Engl\u0131sh &#8211; Turk\u0131sh Bu\u011fra Karakaya +905421395614 Engl\u0131sh- Pers\u0131an- Turk\u0131sh Emir Ferit +905413396087 Arab\u0131c &#8211; Engl\u0131sh Rawan Sami +90543 473058 LET&#8217;S GET IN TOUCH LEAVE A MESSAGE!<\/p>\n","protected":false},"author":1,"featured_media":0,"parent":0,"menu_order":0,"comment_status":"closed","ping_status":"closed","template":"elementor_header_footer","meta":{"_acf_changed":false,"footnotes":""},"class_list":["post-83","page","type-page","status-publish","hentry"],"acf":[],"_links":{"self":[{"href":"https:\/\/innbesiktas.com\/en\/wp-json\/wp\/v2\/pages\/83","targetHints":{"allow":["GET"]}}],"collection":[{"href":"https:\/\/innbesiktas.com\/en\/wp-json\/wp\/v2\/pages"}],"about":[{"href":"https:\/\/innbesiktas.com\/en\/wp-json\/wp\/v2\/types\/page"}],"author":[{"embeddable":true,"href":"https:\/\/innbesiktas.com\/en\/wp-json\/wp\/v2\/users\/1"}],"replies":[{"embeddable":true,"href":"https:\/\/innbesiktas.com\/en\/wp-json\/wp\/v2\/comments?post=83"}],"version-history":[{"count":14,"href":"https:\/\/innbesiktas.com\/en\/wp-json\/wp\/v2\/pages\/83\/revisions"}],"predecessor-version":[{"id":2085,"href":"https:\/\/innbesiktas.com\/en\/wp-json\/wp\/v2\/pages\/83\/revisions\/2085"}],"wp:attachment":[{"href":"https:\/\/innbesiktas.com\/en\/wp-json\/wp\/v2\/media?parent=83"}],"curies":[{"name":"wp","href":"https:\/\/api.w.org\/{rel}","templated":true}]}}