{"id":298,"date":"2023-03-03T12:17:47","date_gmt":"2023-03-03T12:17:47","guid":{"rendered":"https:\/\/themegenix.net\/reland\/?page_id=298"},"modified":"2024-09-09T17:49:12","modified_gmt":"2024-09-09T17:49:12","slug":"portfoy","status":"publish","type":"page","link":"https:\/\/innbesiktas.com\/en\/portfoy\/","title":{"rendered":"Portfolio"},"content":{"rendered":"\t\t<div data-elementor-type=\"wp-page\" data-elementor-id=\"298\" class=\"elementor elementor-298\">\n\t\t\t\t\t\t<section class=\"elementor-section elementor-top-section elementor-element elementor-element-806e7b8 elementor-section-full_width elementor-section-height-default elementor-section-height-default\" data-id=\"806e7b8\" data-element_type=\"section\">\n\t\t\t\t\t\t<div class=\"elementor-container elementor-column-gap-no\">\n\t\t\t\t\t<div class=\"elementor-column elementor-col-100 elementor-top-column elementor-element elementor-element-4af9b40\" data-id=\"4af9b40\" data-element_type=\"column\">\n\t\t\t<div class=\"elementor-widget-wrap elementor-element-populated\">\n\t\t\t\t\t\t<div class=\"elementor-element elementor-element-acc1e82 elementor-widget elementor-widget-project-grid\" data-id=\"acc1e82\" data-element_type=\"widget\" data-widget_type=\"project-grid.default\">\n\t\t\t\t<div class=\"elementor-widget-container\">\n\t\t\t\r\n        <!-- project-area -->\r\n        <section class=\"inner-project-area\">\r\n            <div class=\"container\">\r\n                                    <div class=\"project-top-meta mb-50\">\r\n                        <form action=\"#\">\r\n                            <div class=\"row\">\r\n                                <div class=\"col-xl-4\">\r\n                                    <div class=\"form-grp\">\r\n                                        <input type=\"text\" placeholder=\"Search by project name or location...\" id=\"project-search\">\r\n                                        <button type=\"submit\"><i class=\"fas fa-search\"><\/i><\/button>\r\n                                    <\/div>\r\n                                <\/div>\r\n                                <div class=\"col-xl-8\">\r\n                                    <div class=\"row\">\r\n                                        <div class=\"col-md-4 col-sm-6\">\r\n                                            <div class=\"form-grp select\">\r\n                                                <select id=\"project-status\" name=\"select\" class=\"form-select\" aria-label=\"Default select example\">\r\n                                                    <option value=\"\">Project Status<\/option>\r\n                                                                                                            <option value=\"tamamlandi\">Completed<\/option>\r\n                                                                                                            <option value=\"devam-ediyor\">In Progress<\/option>\r\n                                                                                                            <option value=\"proje-asamasinda\">In Project Phase<\/option>\r\n                                                                                                    <\/select>\r\n                                            <\/div>\r\n                                        <\/div>\r\n                                        <div class=\"col-md-4 col-sm-6\">\r\n                                            <div class=\"form-grp select\">\r\n                                                <select id=\"project-type\" name=\"select\" class=\"form-select\" aria-label=\"Default select example\">\r\n                                                    <option value=\"\">Project Type<\/option>\r\n                                                                                                            <option value=\"apartman\">Apartman<\/option>\r\n                                                                                                    <\/select>\r\n                                            <\/div>\r\n                                        <\/div>\r\n                                        <div class=\"col-md-4\">\r\n                                            <div class=\"form-grp select\">\r\n                                                <select id=\"project-location\" name=\"select\" class=\"form-select\" aria-label=\"Default select example\">\r\n                                                    <option value=\"\">Project Location<\/option>\r\n                                                                                                            <option value=\"besiktas\">Be\u015fikta\u015f<\/option>\r\n                                                                                                    <\/select>\r\n                                            <\/div>\r\n                                        <\/div>\r\n                                    <\/div>\r\n                                <\/div>\r\n                            <\/div>\r\n                        <\/form>\r\n                    <\/div>\r\n                \r\n                <div class=\"project-item-wrap\">\r\n                    <div class=\"row\">\r\n                                                    <div class=\"col-lg-4 col-md-6\">\r\n                                <div class=\"project-item\">\r\n                                    <div class=\"project-thumb\">\r\n                                        <a href=\"https:\/\/innbesiktas.com\/en\/project\/urban-house\/\">\r\n                                            <img fetchpriority=\"high\" decoding=\"async\" width=\"2000\" height=\"1645\" src=\"https:\/\/innbesiktas.com\/en\/wp-content\/uploads\/2024\/09\/0003-5-6.jpg\" class=\"img-responsive wp-post-image\" alt=\"\" srcset=\"https:\/\/innbesiktas.com\/en\/wp-content\/uploads\/2024\/09\/0003-5-6.jpg 2000w, https:\/\/innbesiktas.com\/en\/wp-content\/uploads\/2024\/09\/0003-5-6-300x247.jpg 300w, https:\/\/innbesiktas.com\/en\/wp-content\/uploads\/2024\/09\/0003-5-6-1024x842.jpg 1024w, https:\/\/innbesiktas.com\/en\/wp-content\/uploads\/2024\/09\/0003-5-6-768x632.jpg 768w, https:\/\/innbesiktas.com\/en\/wp-content\/uploads\/2024\/09\/0003-5-6-1536x1263.jpg 1536w\" sizes=\"(max-width: 2000px) 100vw, 2000px\" \/>                                        <\/a>\r\n                                    <\/div>\r\n                                    <div class=\"project-content\">\r\n                                        <h3 class=\"title\"><a href=\"https:\/\/innbesiktas.com\/en\/project\/urban-house\/\">URBAN HOUSE<\/a><\/h3>\r\n\r\n                                                                                    <span>Be\u015fikta\u015f<\/span>\r\n                                        \r\n                                    <\/div>\r\n                                <\/div>\r\n                            <\/div>\r\n\r\n                                                    <div class=\"col-lg-4 col-md-6\">\r\n                                <div class=\"project-item\">\r\n                                    <div class=\"project-thumb\">\r\n                                        <a href=\"https:\/\/innbesiktas.com\/en\/project\/living-besiktas\/\">\r\n                                            <img decoding=\"async\" width=\"2000\" height=\"1645\" src=\"https:\/\/innbesiktas.com\/en\/wp-content\/uploads\/2024\/09\/0003-5-4.jpg\" class=\"img-responsive wp-post-image\" alt=\"\" srcset=\"https:\/\/innbesiktas.com\/en\/wp-content\/uploads\/2024\/09\/0003-5-4.jpg 2000w, https:\/\/innbesiktas.com\/en\/wp-content\/uploads\/2024\/09\/0003-5-4-300x247.jpg 300w, https:\/\/innbesiktas.com\/en\/wp-content\/uploads\/2024\/09\/0003-5-4-1024x842.jpg 1024w, https:\/\/innbesiktas.com\/en\/wp-content\/uploads\/2024\/09\/0003-5-4-768x632.jpg 768w, https:\/\/innbesiktas.com\/en\/wp-content\/uploads\/2024\/09\/0003-5-4-1536x1263.jpg 1536w\" sizes=\"(max-width: 2000px) 100vw, 2000px\" \/>                                        <\/a>\r\n                                    <\/div>\r\n                                    <div class=\"project-content\">\r\n                                        <h3 class=\"title\"><a href=\"https:\/\/innbesiktas.com\/en\/project\/living-besiktas\/\">LIVING BE\u015e\u0130KTA\u015e<\/a><\/h3>\r\n\r\n                                                                                    <span>Be\u015fikta\u015f<\/span>\r\n                                        \r\n                                    <\/div>\r\n                                <\/div>\r\n                            <\/div>\r\n\r\n                                                    <div class=\"col-lg-4 col-md-6\">\r\n                                <div class=\"project-item\">\r\n                                    <div class=\"project-thumb\">\r\n                                        <a href=\"https:\/\/innbesiktas.com\/en\/project\/konak-besiktas\/\">\r\n                                            <img decoding=\"async\" width=\"2000\" height=\"1645\" src=\"https:\/\/innbesiktas.com\/en\/wp-content\/uploads\/2024\/09\/0003-5-2.jpg\" class=\"img-responsive wp-post-image\" alt=\"\" srcset=\"https:\/\/innbesiktas.com\/en\/wp-content\/uploads\/2024\/09\/0003-5-2.jpg 2000w, https:\/\/innbesiktas.com\/en\/wp-content\/uploads\/2024\/09\/0003-5-2-300x247.jpg 300w, https:\/\/innbesiktas.com\/en\/wp-content\/uploads\/2024\/09\/0003-5-2-1024x842.jpg 1024w, https:\/\/innbesiktas.com\/en\/wp-content\/uploads\/2024\/09\/0003-5-2-768x632.jpg 768w, https:\/\/innbesiktas.com\/en\/wp-content\/uploads\/2024\/09\/0003-5-2-1536x1263.jpg 1536w\" sizes=\"(max-width: 2000px) 100vw, 2000px\" \/>                                        <\/a>\r\n                                    <\/div>\r\n                                    <div class=\"project-content\">\r\n                                        <h3 class=\"title\"><a href=\"https:\/\/innbesiktas.com\/en\/project\/konak-besiktas\/\">KONAK BE\u015e\u0130KTA\u015e<\/a><\/h3>\r\n\r\n                                                                                    <span>Be\u015fikta\u015f<\/span>\r\n                                        \r\n                                    <\/div>\r\n                                <\/div>\r\n                            <\/div>\r\n\r\n                                                    <div class=\"col-lg-4 col-md-6\">\r\n                                <div class=\"project-item\">\r\n                                    <div class=\"project-thumb\">\r\n                                        <a href=\"https:\/\/innbesiktas.com\/en\/project\/ciragan\/\">\r\n                                            <img loading=\"lazy\" decoding=\"async\" width=\"2000\" height=\"1645\" src=\"https:\/\/innbesiktas.com\/en\/wp-content\/uploads\/2024\/09\/0003-5-1.jpg\" class=\"img-responsive wp-post-image\" alt=\"\" srcset=\"https:\/\/innbesiktas.com\/en\/wp-content\/uploads\/2024\/09\/0003-5-1.jpg 2000w, https:\/\/innbesiktas.com\/en\/wp-content\/uploads\/2024\/09\/0003-5-1-300x247.jpg 300w, https:\/\/innbesiktas.com\/en\/wp-content\/uploads\/2024\/09\/0003-5-1-1024x842.jpg 1024w, https:\/\/innbesiktas.com\/en\/wp-content\/uploads\/2024\/09\/0003-5-1-768x632.jpg 768w, https:\/\/innbesiktas.com\/en\/wp-content\/uploads\/2024\/09\/0003-5-1-1536x1263.jpg 1536w\" sizes=\"(max-width: 2000px) 100vw, 2000px\" \/>                                        <\/a>\r\n                                    <\/div>\r\n                                    <div class=\"project-content\">\r\n                                        <h3 class=\"title\"><a href=\"https:\/\/innbesiktas.com\/en\/project\/ciragan\/\">\u00c7IRA\u011eAN<\/a><\/h3>\r\n\r\n                                                                                    <span>Be\u015fikta\u015f<\/span>\r\n                                        \r\n                                    <\/div>\r\n                                <\/div>\r\n                            <\/div>\r\n\r\n                                                    <div class=\"col-lg-4 col-md-6\">\r\n                                <div class=\"project-item\">\r\n                                    <div class=\"project-thumb\">\r\n                                        <a href=\"https:\/\/innbesiktas.com\/en\/project\/city-icon\/\">\r\n                                            <img loading=\"lazy\" decoding=\"async\" width=\"2000\" height=\"1645\" src=\"https:\/\/innbesiktas.com\/en\/wp-content\/uploads\/2024\/09\/0003-6.jpg\" class=\"img-responsive wp-post-image\" alt=\"\" srcset=\"https:\/\/innbesiktas.com\/en\/wp-content\/uploads\/2024\/09\/0003-6.jpg 2000w, https:\/\/innbesiktas.com\/en\/wp-content\/uploads\/2024\/09\/0003-6-300x247.jpg 300w, https:\/\/innbesiktas.com\/en\/wp-content\/uploads\/2024\/09\/0003-6-1024x842.jpg 1024w, https:\/\/innbesiktas.com\/en\/wp-content\/uploads\/2024\/09\/0003-6-768x632.jpg 768w, https:\/\/innbesiktas.com\/en\/wp-content\/uploads\/2024\/09\/0003-6-1536x1263.jpg 1536w\" sizes=\"(max-width: 2000px) 100vw, 2000px\" \/>                                        <\/a>\r\n                                    <\/div>\r\n                                    <div class=\"project-content\">\r\n                                        <h3 class=\"title\"><a href=\"https:\/\/innbesiktas.com\/en\/project\/city-icon\/\">CITY ICON<\/a><\/h3>\r\n\r\n                                                                                    <span>Be\u015fikta\u015f<\/span>\r\n                                        \r\n                                    <\/div>\r\n                                <\/div>\r\n                            <\/div>\r\n\r\n                                                    <div class=\"col-lg-4 col-md-6\">\r\n                                <div class=\"project-item\">\r\n                                    <div class=\"project-thumb\">\r\n                                        <a href=\"https:\/\/innbesiktas.com\/en\/project\/casa-primera\/\">\r\n                                            <img loading=\"lazy\" decoding=\"async\" width=\"2000\" height=\"1645\" src=\"https:\/\/innbesiktas.com\/en\/wp-content\/uploads\/2024\/09\/0003-5.jpg\" class=\"img-responsive wp-post-image\" alt=\"\" srcset=\"https:\/\/innbesiktas.com\/en\/wp-content\/uploads\/2024\/09\/0003-5.jpg 2000w, https:\/\/innbesiktas.com\/en\/wp-content\/uploads\/2024\/09\/0003-5-300x247.jpg 300w, https:\/\/innbesiktas.com\/en\/wp-content\/uploads\/2024\/09\/0003-5-1024x842.jpg 1024w, https:\/\/innbesiktas.com\/en\/wp-content\/uploads\/2024\/09\/0003-5-768x632.jpg 768w, https:\/\/innbesiktas.com\/en\/wp-content\/uploads\/2024\/09\/0003-5-1536x1263.jpg 1536w\" sizes=\"(max-width: 2000px) 100vw, 2000px\" \/>                                        <\/a>\r\n                                    <\/div>\r\n                                    <div class=\"project-content\">\r\n                                        <h3 class=\"title\"><a href=\"https:\/\/innbesiktas.com\/en\/project\/casa-primera\/\">CASA PRIMERA<\/a><\/h3>\r\n\r\n                                                                                    <span>Be\u015fikta\u015f<\/span>\r\n                                        \r\n                                    <\/div>\r\n                                <\/div>\r\n                            <\/div>\r\n\r\n                        \r\n                    <\/div>\r\n                <\/div>\r\n\r\n                <div class=\"pagination-wrap\">\r\n                    <nav class=\"project-pagination\" aria-label=\"Page navigation example\">\r\n                        <span aria-current=\"page\" class=\"page-numbers current\">1<\/span>\n<a class=\"page-numbers\" href=\"https:\/\/innbesiktas.com\/en\/wp-json\/wp\/v2\/pages\/298\/page\/2\">2<\/a>\n<a class=\"next page-numbers\" href=\"https:\/\/innbesiktas.com\/en\/wp-json\/wp\/v2\/pages\/298\/page\/2\"><i class=\"fas fa-angle-double-right\"><\/i><\/a>                    <\/nav>\r\n                <\/div>\r\n\r\n            <\/div>\r\n        <\/section>\r\n        <!-- project-area-end -->\r\n\r\n\t\t<\/div>\n\t\t\t\t<\/div>\n\t\t\t\t\t<\/div>\n\t\t<\/div>\n\t\t\t\t\t<\/div>\n\t\t<\/section>\n\t\t\t\t<\/div>\n\t\t","protected":false},"excerpt":{"rendered":"<p>Project StatusCompletedIn ProgressIn Project Phase Project TypeApartman Project LocationBe\u015fikta\u015f URBAN HOUSE Be\u015fikta\u015f LIVING BE\u015e\u0130KTA\u015e Be\u015fikta\u015f KONAK BE\u015e\u0130KTA\u015e Be\u015fikta\u015f \u00c7IRA\u011eAN Be\u015fikta\u015f CITY ICON Be\u015fikta\u015f CASA PRIMERA Be\u015fikta\u015f 1 2<\/p>\n","protected":false},"author":1,"featured_media":0,"parent":0,"menu_order":0,"comment_status":"closed","ping_status":"closed","template":"elementor_header_footer","meta":{"_acf_changed":false,"footnotes":""},"class_list":["post-298","page","type-page","status-publish","hentry"],"acf":[],"_links":{"self":[{"href":"https:\/\/innbesiktas.com\/en\/wp-json\/wp\/v2\/pages\/298","targetHints":{"allow":["GET"]}}],"collection":[{"href":"https:\/\/innbesiktas.com\/en\/wp-json\/wp\/v2\/pages"}],"about":[{"href":"https:\/\/innbesiktas.com\/en\/wp-json\/wp\/v2\/types\/page"}],"author":[{"embeddable":true,"href":"https:\/\/innbesiktas.com\/en\/wp-json\/wp\/v2\/users\/1"}],"replies":[{"embeddable":true,"href":"https:\/\/innbesiktas.com\/en\/wp-json\/wp\/v2\/comments?post=298"}],"version-history":[{"count":9,"href":"https:\/\/innbesiktas.com\/en\/wp-json\/wp\/v2\/pages\/298\/revisions"}],"predecessor-version":[{"id":2089,"href":"https:\/\/innbesiktas.com\/en\/wp-json\/wp\/v2\/pages\/298\/revisions\/2089"}],"wp:attachment":[{"href":"https:\/\/innbesiktas.com\/en\/wp-json\/wp\/v2\/media?parent=298"}],"curies":[{"name":"wp","href":"https:\/\/api.w.org\/{rel}","templated":true}]}}