{"id":85,"date":"2023-02-13T07:15:37","date_gmt":"2023-02-13T07:15:37","guid":{"rendered":"https:\/\/themegenix.net\/reland\/?page_id=85"},"modified":"2024-09-09T18:12:31","modified_gmt":"2024-09-09T18:12:31","slug":"siklikla-sorulan-sorular","status":"publish","type":"page","link":"https:\/\/innbesiktas.com\/ar\/siklikla-sorulan-sorular\/","title":{"rendered":"\u0627\u0644\u0623\u0633\u0626\u0644\u0629 \u0627\u0644\u0645\u062a\u062f\u0627\u0648\u0644\u0629"},"content":{"rendered":"\t\t<div data-elementor-type=\"wp-page\" data-elementor-id=\"85\" class=\"elementor elementor-85\">\n\t\t\t\t\t\t<section class=\"elementor-section elementor-top-section elementor-element elementor-element-881ed6d elementor-section-full_width elementor-section-height-default elementor-section-height-default\" data-id=\"881ed6d\" data-element_type=\"section\">\n\t\t\t\t\t\t<div class=\"elementor-container elementor-column-gap-no\">\n\t\t\t\t\t<div class=\"elementor-column elementor-col-100 elementor-top-column elementor-element elementor-element-4e7cfb7\" data-id=\"4e7cfb7\" data-element_type=\"column\">\n\t\t\t<div class=\"elementor-widget-wrap elementor-element-populated\">\n\t\t\t\t\t\t<div class=\"elementor-element elementor-element-ca07bef elementor-widget elementor-widget-tg-faq\" data-id=\"ca07bef\" data-element_type=\"widget\" data-widget_type=\"tg-faq.default\">\n\t\t\t\t<div class=\"elementor-widget-container\">\n\t\t\t\r\n        <!-- faq-area -->\r\n        <section class=\"faq-area\">\r\n            <div class=\"container\">\r\n                <div class=\"faq-wrap\">\r\n                    <div class=\"row\">\r\n\r\n                                                <div class=\"col-lg-5\">\r\n                            <div class=\"faq-title mb-50\">\r\n                                <div class=\"section-title\">\r\n\r\n                                                                        <span class=\"sub-title\">S.S.S.<\/span>\r\n                                    \r\n                                    <h2 class=\"title\">Genel Sorular<\/h2>\r\n                                    \r\n                                <\/div>\r\n                            <\/div>\r\n                        <\/div>\r\n                        \r\n                        <div class=\"col-lg-7\">\r\n                            <div class=\"faq-item-wrap\">\r\n\r\n                                                                <div class=\"faq-item\">\r\n                                    <h2 class=\"title\">INNBE\u015e\u0130KTA\u015e nedir?<\/h2>\r\n                                    <p>INNBE\u015e\u0130KTA\u015e, \u0130stanbul'un Be\u015fikta\u015f b\u00f6lgesinde yerli ve yabanc\u0131lara y\u00f6nelik daire sat\u0131\u015f\u0131 ger\u00e7ekle\u015ftiren bir projedir. Modern ve l\u00fcks ya\u015fam alanlar\u0131 sunan bu proje, yat\u0131r\u0131m ve ya\u015fam ama\u00e7l\u0131 m\u00fclk edinmek isteyenlere hizmet vermektedir.<\/p>\r\n                                <\/div>\r\n                                                                <div class=\"faq-item\">\r\n                                    <h2 class=\"title\">INNBE\u015e\u0130KTA\u015e projesinde hangi t\u00fcr m\u00fclkler sat\u0131lmaktad\u0131r?<\/h2>\r\n                                    <p>INNBE\u015e\u0130KTA\u015e, farkl\u0131 ihtiya\u00e7lara y\u00f6nelik \u00e7e\u015fitli daire tipleri sunmaktad\u0131r. 1+1, 2+1, 3+1 terasl\u0131 ve bah\u00e7eli gibi farkl\u0131 boyutlarda daireler mevcuttur, bu sayede her t\u00fcrl\u00fc ya\u015fam tarz\u0131na uygun se\u00e7enekler bulunmaktad\u0131r.<\/p>\r\n                                <\/div>\r\n                                                                <div class=\"faq-item\">\r\n                                    <h2 class=\"title\">INNBE\u015e\u0130KTA\u015e projesinde \u00f6deme se\u00e7enekleri nelerdir?<\/h2>\r\n                                    <p>INNBE\u015e\u0130KTA\u015e, m\u00fc\u015fterilerine esnek \u00f6deme planlar\u0131 sunmaktad\u0131r. Pe\u015fin \u00f6deme, banka kredisi ve proje bazl\u0131 taksit se\u00e7enekleri gibi \u00e7e\u015fitli \u00f6deme alternatifleri ile al\u0131c\u0131lar desteklenmektedir.<\/p>\r\n                                <\/div>\r\n                                \r\n                            <\/div>\r\n                        <\/div>\r\n                    <\/div>\r\n                <\/div>\r\n            <\/div>\r\n        <\/section>\r\n        <!-- faq-area-end -->\r\n\r\n\t\t\t<\/div>\n\t\t\t\t<\/div>\n\t\t\t\t<div class=\"elementor-element elementor-element-4e7af99 elementor-widget elementor-widget-tg-faq\" data-id=\"4e7af99\" data-element_type=\"widget\" data-widget_type=\"tg-faq.default\">\n\t\t\t\t<div class=\"elementor-widget-container\">\n\t\t\t\r\n        <!-- faq-area -->\r\n        <section class=\"faq-area\">\r\n            <div class=\"container\">\r\n                <div class=\"faq-wrap\">\r\n                    <div class=\"row\">\r\n\r\n                                                <div class=\"col-lg-5\">\r\n                            <div class=\"faq-title mb-50\">\r\n                                <div class=\"section-title\">\r\n\r\n                                                                        <span class=\"sub-title\">S.S.S.<\/span>\r\n                                    \r\n                                    <h2 class=\"title\">Di\u011fer <br> Sorular<\/h2>\r\n                                    \r\n                                <\/div>\r\n                            <\/div>\r\n                        <\/div>\r\n                        \r\n                        <div class=\"col-lg-7\">\r\n                            <div class=\"faq-item-wrap\">\r\n\r\n                                                                <div class=\"faq-item\">\r\n                                    <h2 class=\"title\">Yabanc\u0131lar T\u00fcrkiye&#039;de daire sat\u0131n alabilir mi? <\/h2>\r\n                                    <p>Evet, yabanc\u0131lar T\u00fcrkiye'de m\u00fclk sat\u0131n alabilirler. T\u00fcrkiye, yabanc\u0131 yat\u0131r\u0131mc\u0131lara y\u00f6nelik \u00e7e\u015fitli te\u015fvikler sunmaktad\u0131r ve \u0130NNBE\u015e\u0130KTA\u015e projesi bu ba\u011flamda yabanc\u0131 al\u0131c\u0131lara kolayl\u0131k sa\u011flamaktad\u0131r.<\/p>\r\n                                <\/div>\r\n                                                                <div class=\"faq-item\">\r\n                                    <h2 class=\"title\">Yabanc\u0131lar\u0131n T\u00fcrkiye&#039;de m\u00fclk sat\u0131n al\u0131rken dikkat etmesi gereken hususlar nelerdir?<\/h2>\r\n                                    <p>Yabanc\u0131 yat\u0131r\u0131mc\u0131lar, m\u00fclk al\u0131m s\u00fcrecinde gerekli t\u00fcm yasal prosed\u00fcrleri takip etmelidir. \u0130NNBE\u015e\u0130KTA\u015e, yabanc\u0131 al\u0131c\u0131lar i\u00e7in s\u00fcre\u00e7 boyunca hukuki ve idari destek sa\u011flamaktad\u0131r, bu sayede t\u00fcm i\u015flemler sorunsuz bir \u015fekilde tamamlan\u0131r.<\/p>\r\n                                <\/div>\r\n                                                                <div class=\"faq-item\">\r\n                                    <h2 class=\"title\">Yabanc\u0131lar m\u00fclk sat\u0131n alarak T\u00fcrkiye&#039;de oturma izni alabilir mi?<\/h2>\r\n                                    <p>Evet, T\u00fcrkiye'de belirli \u015fartlar alt\u0131nda m\u00fclk sat\u0131n alan yabanc\u0131lar oturma izni alabilirler. INNBE\u015e\u0130KTA\u015e, bu s\u00fcre\u00e7te m\u00fc\u015fterilerine rehberlik ederek, ba\u015fvuru i\u015flemlerinde destek sa\u011flar.<\/p>\r\n                                <\/div>\r\n                                \r\n                            <\/div>\r\n                        <\/div>\r\n                    <\/div>\r\n                <\/div>\r\n            <\/div>\r\n        <\/section>\r\n        <!-- faq-area-end -->\r\n\r\n\t\t\t<\/div>\n\t\t\t\t<\/div>\n\t\t\t\t\t<\/div>\n\t\t<\/div>\n\t\t\t\t\t<\/div>\n\t\t<\/section>\n\t\t\t\t<section class=\"elementor-section elementor-top-section elementor-element elementor-element-39a1e2a elementor-section-full_width elementor-section-height-default elementor-section-height-default\" data-id=\"39a1e2a\" data-element_type=\"section\" data-settings=\"{&quot;background_background&quot;:&quot;classic&quot;}\">\n\t\t\t\t\t\t<div class=\"elementor-container elementor-column-gap-no\">\n\t\t\t\t\t<div class=\"elementor-column elementor-col-100 elementor-top-column elementor-element elementor-element-a8ec0bc\" data-id=\"a8ec0bc\" data-element_type=\"column\">\n\t\t\t<div class=\"elementor-widget-wrap elementor-element-populated\">\n\t\t\t\t\t\t<div class=\"elementor-element elementor-element-6688cfe elementor-widget elementor-widget-tp-cta\" data-id=\"6688cfe\" data-element_type=\"widget\" data-widget_type=\"tp-cta.default\">\n\t\t\t\t<div class=\"elementor-widget-container\">\n\t\t\t\r\n        <!-- newsletter-area -->\r\n        <section class=\"newsletter-area\">\r\n            <div class=\"container\">\r\n                <div class=\"row\">\r\n                    <div class=\"col-lg-12\">\r\n                        <div class=\"newsletter-inner\">\r\n                            <div class=\"row justify-content-center\">\r\n                                <div class=\"col-xl-8\">\r\n                                    <div class=\"newsletter-content\">\r\n\r\n                                                                                <div class=\"section-title mb-50\">\r\n\r\n                                                                                            <span class=\"sub-title\">H\u0131zl\u0131 \u0130leti\u015fim<\/span>\r\n                                            \r\n                                            <h2 class=\"title\">herhangi bir sorunuz varsa, size en k\u0131sa s\u00fcrede ula\u015fal\u0131m!<\/h2>\r\n                                        <\/div>\r\n                                        \r\n                                        \n<div class=\"wpcf7 no-js\" id=\"wpcf7-f256-o1\" lang=\"en-US\" dir=\"ltr\">\n<div class=\"screen-reader-response\"><p role=\"status\" aria-live=\"polite\" aria-atomic=\"true\"><\/p> <ul><\/ul><\/div>\n<form action=\"\/ar\/wp-json\/wp\/v2\/pages\/85#wpcf7-f256-o1\" method=\"post\" class=\"wpcf7-form init\" aria-label=\"Contact form\" novalidate=\"novalidate\" data-status=\"init\">\n<div style=\"display: none;\">\n<input type=\"hidden\" name=\"_wpcf7\" value=\"256\" \/>\n<input type=\"hidden\" name=\"_wpcf7_version\" value=\"5.9.8\" \/>\n<input type=\"hidden\" name=\"_wpcf7_locale\" value=\"en_US\" \/>\n<input type=\"hidden\" name=\"_wpcf7_unit_tag\" value=\"wpcf7-f256-o1\" \/>\n<input type=\"hidden\" name=\"_wpcf7_container_post\" value=\"0\" \/>\n<input type=\"hidden\" name=\"_wpcf7_posted_data_hash\" value=\"\" \/>\n<\/div>\n<div class=\"newsletter-form\">\n    <ul class=\"list-wrap\">\n        <li><span class=\"wpcf7-form-control-wrap\" data-name=\"your-name\"><input size=\"40\" maxlength=\"400\" class=\"wpcf7-form-control wpcf7-text wpcf7-validates-as-required\" aria-required=\"true\" aria-invalid=\"false\" placeholder=\"\u0627\u0633\u0645\u0643\" value=\"\" type=\"text\" name=\"your-name\" \/><\/span><\/li>\n        <li><span class=\"wpcf7-form-control-wrap\" data-name=\"your-email\"><input size=\"40\" maxlength=\"400\" class=\"wpcf7-form-control wpcf7-email wpcf7-validates-as-required wpcf7-text wpcf7-validates-as-email\" aria-required=\"true\" aria-invalid=\"false\" placeholder=\"\u0639\u0646\u0648\u0627\u0646 \u0628\u0631\u064a\u062f\u0643 \u0627\u0644\u0625\u0644\u0643\u062a\u0631\u0648\u0646\u064a\" value=\"\" type=\"email\" name=\"your-email\" \/><\/span><\/li>\n        <li class=\"submit-btn\"><input class=\"wpcf7-form-control wpcf7-submit has-spinner\" type=\"submit\" value=\"\u0625\u0631\u0633\u0627\u0644\" \/><\/li>\n    <\/ul>\n    <div class=\"form-check\">\n        <input type=\"checkbox\" class=\"form-check-input\" id=\"checkbox\">\n        <label for=\"checkbox\">\u0623\u0648\u0627\u0641\u0642 \u0639\u0644\u0649 <span>\u0627\u0644\u0634\u0631\u0648\u0637 \u0648\u0627\u0644\u0623\u062d\u0643\u0627\u0645<\/span> \u0627\u0644\u0645\u062a\u0639\u0644\u0642\u0629 \u0628\u0645\u0639\u0627\u0644\u062c\u0629 \u0627\u0644\u0628\u064a\u0627\u0646\u0627\u062a \u0627\u0644\u0634\u062e\u0635\u064a\u0629<\/label>\n    <\/div>\n<\/div><div class=\"wpcf7-response-output\" aria-hidden=\"true\"><\/div>\n<\/form>\n<\/div>\n\r\n                                    <\/div>\r\n                                <\/div>\r\n                            <\/div>\r\n                        <\/div>\r\n                    <\/div>\r\n                <\/div>\r\n            <\/div>\r\n        <\/section>\r\n        <!-- newsletter-area-end -->\r\n\r\n    \t\t<\/div>\n\t\t\t\t<\/div>\n\t\t\t\t\t<\/div>\n\t\t<\/div>\n\t\t\t\t\t<\/div>\n\t\t<\/section>\n\t\t\t\t<\/div>\n\t\t","protected":false},"excerpt":{"rendered":"<p>S.S.S. Genel Sorular INNBE\u015e\u0130KTA\u015e nedir? INNBE\u015e\u0130KTA\u015e, \u0130stanbul&#8217;un Be\u015fikta\u015f b\u00f6lgesinde yerli ve yabanc\u0131lara y\u00f6nelik daire sat\u0131\u015f\u0131 ger\u00e7ekle\u015ftiren bir projedir. Modern ve l\u00fcks ya\u015fam alanlar\u0131 sunan bu proje, yat\u0131r\u0131m ve ya\u015fam ama\u00e7l\u0131 m\u00fclk edinmek isteyenlere hizmet vermektedir. INNBE\u015e\u0130KTA\u015e projesinde hangi t\u00fcr m\u00fclkler sat\u0131lmaktad\u0131r? INNBE\u015e\u0130KTA\u015e, farkl\u0131 ihtiya\u00e7lara y\u00f6nelik \u00e7e\u015fitli daire tipleri sunmaktad\u0131r. 1+1, 2+1, 3+1 terasl\u0131 ve bah\u00e7eli [&hellip;]<\/p>\n","protected":false},"author":1,"featured_media":0,"parent":0,"menu_order":0,"comment_status":"closed","ping_status":"closed","template":"elementor_header_footer","meta":{"_acf_changed":false,"footnotes":""},"class_list":["post-85","page","type-page","status-publish","hentry"],"acf":[],"_links":{"self":[{"href":"https:\/\/innbesiktas.com\/ar\/wp-json\/wp\/v2\/pages\/85","targetHints":{"allow":["GET"]}}],"collection":[{"href":"https:\/\/innbesiktas.com\/ar\/wp-json\/wp\/v2\/pages"}],"about":[{"href":"https:\/\/innbesiktas.com\/ar\/wp-json\/wp\/v2\/types\/page"}],"author":[{"embeddable":true,"href":"https:\/\/innbesiktas.com\/ar\/wp-json\/wp\/v2\/users\/1"}],"replies":[{"embeddable":true,"href":"https:\/\/innbesiktas.com\/ar\/wp-json\/wp\/v2\/comments?post=85"}],"version-history":[{"count":17,"href":"https:\/\/innbesiktas.com\/ar\/wp-json\/wp\/v2\/pages\/85\/revisions"}],"predecessor-version":[{"id":2097,"href":"https:\/\/innbesiktas.com\/ar\/wp-json\/wp\/v2\/pages\/85\/revisions\/2097"}],"wp:attachment":[{"href":"https:\/\/innbesiktas.com\/ar\/wp-json\/wp\/v2\/media?parent=85"}],"curies":[{"name":"wp","href":"https:\/\/api.w.org\/{rel}","templated":true}]}}