{"id":69,"date":"2023-02-13T06:39:59","date_gmt":"2023-02-13T06:39:59","guid":{"rendered":"https:\/\/themegenix.net\/reland\/?page_id=69"},"modified":"2024-09-09T18:03:57","modified_gmt":"2024-09-09T18:03:57","slug":"hakkimizda","status":"publish","type":"page","link":"https:\/\/innbesiktas.com\/ar\/hakkimizda\/","title":{"rendered":"\u0645\u0644\u062e\u0635"},"content":{"rendered":"\t\t<div data-elementor-type=\"wp-page\" data-elementor-id=\"69\" class=\"elementor elementor-69\">\n\t\t\t\t\t\t<section class=\"elementor-section elementor-top-section elementor-element elementor-element-ff3b188 elementor-section-full_width elementor-section-height-default elementor-section-height-default\" data-id=\"ff3b188\" data-element_type=\"section\">\n\t\t\t\t\t\t<div class=\"elementor-container elementor-column-gap-no\">\n\t\t\t\t\t<div class=\"elementor-column elementor-col-100 elementor-top-column elementor-element elementor-element-c67bee3\" data-id=\"c67bee3\" data-element_type=\"column\">\n\t\t\t<div class=\"elementor-widget-wrap elementor-element-populated\">\n\t\t\t\t\t\t<div class=\"elementor-element elementor-element-3e3e96a elementor-widget elementor-widget-tg-mission-vision\" data-id=\"3e3e96a\" data-element_type=\"widget\" data-widget_type=\"tg-mission-vision.default\">\n\t\t\t\t<div class=\"elementor-widget-container\">\n\t\t\t\r\n        \r\n            <!-- mission-area -->\r\n            <section class=\"mission-area\">\r\n                <div class=\"container\">\r\n                    <div class=\"row align-items-center\">\r\n\r\n                                                <div class=\"col-lg-6\">\r\n                            <div class=\"mission-img\">\r\n                                <img decoding=\"async\" src=\"https:\/\/innbesiktas.com\/ar\/wp-content\/uploads\/2023\/03\/about_img.jpg\" alt=\"\">\r\n                            <\/div>\r\n                        <\/div>\r\n                        \r\n                        <div class=\"col-lg-6\">\r\n                            <div class=\"mission-content\">\r\n                                                                <div class=\"section-title mb-40\">\r\n\r\n                                                                        <span class=\"sub-title\">\u0645\u0639\u0644\u0648\u0645\u0627\u062a \u0639\u0646\u0627<\/span>\r\n                                    \r\n                                    <h2 class=\"title\">\u062d\u0644\u0648\u0644 \u0639\u0642\u0627\u0631\u064a\u0629 \u0645\u0648\u062b\u0648\u0642\u0629 \u0641\u064a \u0628\u0634\u064a\u0643\u062a\u0627\u0634<\/h2>\r\n                                <\/div>\r\n\r\n                                                                    <p class=\"desc\">INNBE\u015e\u0130KTA\u015e \u0647\u064a \u0634\u0631\u0643\u0629 \u0639\u0642\u0627\u0631\u0627\u062a \u0645\u0648\u062b\u0648\u0642\u0629 \u0641\u064a \u0645\u0646\u0637\u0642\u0629 \u0628\u0634\u064a\u0643\u062a\u0627\u0634\u060c \u0625\u062d\u062f\u0649 \u0627\u0644\u0645\u0646\u0627\u0637\u0642 \u0627\u0644\u0645\u0631\u0645\u0648\u0642\u0629 \u0641\u064a \u0625\u0633\u0637\u0646\u0628\u0648\u0644\u060c \u0627\u0644\u062a\u064a \u062a\u0642\u062f\u0645 \u0628\u064a\u0639 \u0627\u0644\u0634\u0642\u0642 \u0644\u0644\u0645\u0633\u062a\u062b\u0645\u0631\u064a\u0646 \u0627\u0644\u0645\u062d\u0644\u064a\u064a\u0646 \u0648\u0627\u0644\u0623\u062c\u0627\u0646\u0628. \u062a\u0648\u0641\u0631 INNBE\u015e\u0130KTA\u015e \u0645\u0633\u0627\u062d\u0627\u062a \u0645\u0639\u064a\u0634\u064a\u0629 \u062d\u062f\u064a\u062b\u0629 \u0648\u0641\u0627\u062e\u0631\u0629\u060c \u0648\u062a\u0633\u0639\u0649 \u0644\u062a\u062d\u0642\u064a\u0642 \u0623\u0639\u0644\u0649 \u0645\u0633\u062a\u0648\u0649 \u0645\u0646 \u0631\u0636\u0627 \u0627\u0644\u0639\u0645\u0644\u0627\u0621\u060c \u0645\u0645\u0627 \u064a\u062c\u0639\u0644 \u0639\u0645\u0644\u064a\u0627\u062a \u0627\u0644\u0627\u0633\u062a\u062b\u0645\u0627\u0631 \u0633\u0644\u0633\u0629 \u0648\u0645\u0645\u062a\u0639\u0629. \u0628\u0641\u0636\u0644 \u0646\u0647\u062c\u0647\u0627 \u0627\u0644\u0634\u0641\u0627\u0641 \u0648\u0627\u0644\u0645\u0628\u062a\u0643\u0631 \u0648\u0627\u0644\u0645\u0648\u062c\u0647 \u0646\u062d\u0648 \u0627\u0644\u0639\u0645\u0644\u0627\u0621\u060c \u062a\u0639\u062a\u0628\u0631 \u0627\u0644\u0639\u0644\u0627\u0645\u0629 \u0627\u0644\u062a\u062c\u0627\u0631\u064a\u0629 \u0627\u0644\u0639\u0642\u0627\u0631\u064a\u0629 \u0627\u0644\u0623\u0643\u062b\u0631 \u062a\u0641\u0636\u064a\u0644\u0627\u064b \u0641\u064a \u0627\u0644\u0645\u0646\u0637\u0642\u0629.\n\n\n\n\n\n\n<\/p>\r\n                                \r\n                                \r\n                                \r\n                            <\/div>\r\n                        <\/div>\r\n                    <\/div>\r\n                <\/div>\r\n            <\/section>\r\n            <!-- mission-area-end -->\r\n\r\n        \r\n    \t\t<\/div>\n\t\t\t\t<\/div>\n\t\t\t\t\t<\/div>\n\t\t<\/div>\n\t\t\t\t\t<\/div>\n\t\t<\/section>\n\t\t\t\t<section class=\"elementor-section elementor-top-section elementor-element elementor-element-e6699b9 elementor-section-full_width elementor-section-height-default elementor-section-height-default\" data-id=\"e6699b9\" data-element_type=\"section\" data-settings=\"{&quot;background_background&quot;:&quot;classic&quot;}\">\n\t\t\t\t\t\t<div class=\"elementor-container elementor-column-gap-no\">\n\t\t\t\t\t<div class=\"elementor-column elementor-col-100 elementor-top-column elementor-element elementor-element-7046e47\" data-id=\"7046e47\" data-element_type=\"column\">\n\t\t\t<div class=\"elementor-widget-wrap elementor-element-populated\">\n\t\t\t\t\t\t<div class=\"elementor-element elementor-element-4b49cfb elementor-widget elementor-widget-tp-cta\" data-id=\"4b49cfb\" data-element_type=\"widget\" data-widget_type=\"tp-cta.default\">\n\t\t\t\t<div class=\"elementor-widget-container\">\n\t\t\t\r\n        <!-- newsletter-area -->\r\n        <section class=\"newsletter-area\">\r\n            <div class=\"container\">\r\n                <div class=\"row\">\r\n                    <div class=\"col-lg-12\">\r\n                        <div class=\"newsletter-inner\">\r\n                            <div class=\"row justify-content-center\">\r\n                                <div class=\"col-xl-8\">\r\n                                    <div class=\"newsletter-content\">\r\n\r\n                                                                                <div class=\"section-title mb-50\">\r\n\r\n                                                                                            <span class=\"sub-title\">\u0627\u0644\u062a\u0648\u0627\u0635\u0644 \u0627\u0644\u0633\u0631\u064a\u0639<\/span>\r\n                                            \r\n                                            <h2 class=\"title\">\u0625\u0630\u0627 \u0643\u0627\u0646 \u0644\u062f\u064a\u0643 \u0623\u064a \u0627\u0633\u062a\u0641\u0633\u0627\u0631\u060c \u062f\u0639\u0646\u0627 \u0646\u062a\u0648\u0627\u0635\u0644 \u0645\u0639\u0643 \u0641\u064a \u0623\u0642\u0631\u0628 \u0648\u0642\u062a \u0645\u0645\u0643\u0646!<\/h2>\r\n                                        <\/div>\r\n                                        \r\n                                        \n<div class=\"wpcf7 no-js\" id=\"wpcf7-f256-o1\" lang=\"en-US\" dir=\"ltr\">\n<div class=\"screen-reader-response\"><p role=\"status\" aria-live=\"polite\" aria-atomic=\"true\"><\/p> <ul><\/ul><\/div>\n<form action=\"\/ar\/wp-json\/wp\/v2\/pages\/69#wpcf7-f256-o1\" method=\"post\" class=\"wpcf7-form init\" aria-label=\"Contact form\" novalidate=\"novalidate\" data-status=\"init\">\n<div style=\"display: none;\">\n<input type=\"hidden\" name=\"_wpcf7\" value=\"256\" \/>\n<input type=\"hidden\" name=\"_wpcf7_version\" value=\"5.9.8\" \/>\n<input type=\"hidden\" name=\"_wpcf7_locale\" value=\"en_US\" \/>\n<input type=\"hidden\" name=\"_wpcf7_unit_tag\" value=\"wpcf7-f256-o1\" \/>\n<input type=\"hidden\" name=\"_wpcf7_container_post\" value=\"0\" \/>\n<input type=\"hidden\" name=\"_wpcf7_posted_data_hash\" value=\"\" \/>\n<\/div>\n<div class=\"newsletter-form\">\n    <ul class=\"list-wrap\">\n        <li><span class=\"wpcf7-form-control-wrap\" data-name=\"your-name\"><input size=\"40\" maxlength=\"400\" class=\"wpcf7-form-control wpcf7-text wpcf7-validates-as-required\" aria-required=\"true\" aria-invalid=\"false\" placeholder=\"\u0627\u0633\u0645\u0643\" value=\"\" type=\"text\" name=\"your-name\" \/><\/span><\/li>\n        <li><span class=\"wpcf7-form-control-wrap\" data-name=\"your-email\"><input size=\"40\" maxlength=\"400\" class=\"wpcf7-form-control wpcf7-email wpcf7-validates-as-required wpcf7-text wpcf7-validates-as-email\" aria-required=\"true\" aria-invalid=\"false\" placeholder=\"\u0639\u0646\u0648\u0627\u0646 \u0628\u0631\u064a\u062f\u0643 \u0627\u0644\u0625\u0644\u0643\u062a\u0631\u0648\u0646\u064a\" value=\"\" type=\"email\" name=\"your-email\" \/><\/span><\/li>\n        <li class=\"submit-btn\"><input class=\"wpcf7-form-control wpcf7-submit has-spinner\" type=\"submit\" value=\"\u0625\u0631\u0633\u0627\u0644\" \/><\/li>\n    <\/ul>\n    <div class=\"form-check\">\n        <input type=\"checkbox\" class=\"form-check-input\" id=\"checkbox\">\n        <label for=\"checkbox\">\u0623\u0648\u0627\u0641\u0642 \u0639\u0644\u0649 <span>\u0627\u0644\u0634\u0631\u0648\u0637 \u0648\u0627\u0644\u0623\u062d\u0643\u0627\u0645<\/span> \u0627\u0644\u0645\u062a\u0639\u0644\u0642\u0629 \u0628\u0645\u0639\u0627\u0644\u062c\u0629 \u0627\u0644\u0628\u064a\u0627\u0646\u0627\u062a \u0627\u0644\u0634\u062e\u0635\u064a\u0629<\/label>\n    <\/div>\n<\/div><div class=\"wpcf7-response-output\" aria-hidden=\"true\"><\/div>\n<\/form>\n<\/div>\n\r\n                                    <\/div>\r\n                                <\/div>\r\n                            <\/div>\r\n                        <\/div>\r\n                    <\/div>\r\n                <\/div>\r\n            <\/div>\r\n        <\/section>\r\n        <!-- newsletter-area-end -->\r\n\r\n    \t\t<\/div>\n\t\t\t\t<\/div>\n\t\t\t\t\t<\/div>\n\t\t<\/div>\n\t\t\t\t\t<\/div>\n\t\t<\/section>\n\t\t\t\t<\/div>\n\t\t","protected":false},"excerpt":{"rendered":"<p>\u0645\u0639\u0644\u0648\u0645\u0627\u062a \u0639\u0646\u0627 \u062d\u0644\u0648\u0644 \u0639\u0642\u0627\u0631\u064a\u0629 \u0645\u0648\u062b\u0648\u0642\u0629 \u0641\u064a \u0628\u0634\u064a\u0643\u062a\u0627\u0634 INNBE\u015e\u0130KTA\u015e \u0647\u064a \u0634\u0631\u0643\u0629 \u0639\u0642\u0627\u0631\u0627\u062a \u0645\u0648\u062b\u0648\u0642\u0629 \u0641\u064a \u0645\u0646\u0637\u0642\u0629 \u0628\u0634\u064a\u0643\u062a\u0627\u0634\u060c \u0625\u062d\u062f\u0649 \u0627\u0644\u0645\u0646\u0627\u0637\u0642 \u0627\u0644\u0645\u0631\u0645\u0648\u0642\u0629 \u0641\u064a \u0625\u0633\u0637\u0646\u0628\u0648\u0644\u060c \u0627\u0644\u062a\u064a \u062a\u0642\u062f\u0645 \u0628\u064a\u0639 \u0627\u0644\u0634\u0642\u0642 \u0644\u0644\u0645\u0633\u062a\u062b\u0645\u0631\u064a\u0646 \u0627\u0644\u0645\u062d\u0644\u064a\u064a\u0646 \u0648\u0627\u0644\u0623\u062c\u0627\u0646\u0628. \u062a\u0648\u0641\u0631 INNBE\u015e\u0130KTA\u015e \u0645\u0633\u0627\u062d\u0627\u062a \u0645\u0639\u064a\u0634\u064a\u0629 \u062d\u062f\u064a\u062b\u0629 \u0648\u0641\u0627\u062e\u0631\u0629\u060c \u0648\u062a\u0633\u0639\u0649 \u0644\u062a\u062d\u0642\u064a\u0642 \u0623\u0639\u0644\u0649 \u0645\u0633\u062a\u0648\u0649 \u0645\u0646 \u0631\u0636\u0627 \u0627\u0644\u0639\u0645\u0644\u0627\u0621\u060c \u0645\u0645\u0627 \u064a\u062c\u0639\u0644 \u0639\u0645\u0644\u064a\u0627\u062a \u0627\u0644\u0627\u0633\u062a\u062b\u0645\u0627\u0631 \u0633\u0644\u0633\u0629 \u0648\u0645\u0645\u062a\u0639\u0629. \u0628\u0641\u0636\u0644 \u0646\u0647\u062c\u0647\u0627 \u0627\u0644\u0634\u0641\u0627\u0641 \u0648\u0627\u0644\u0645\u0628\u062a\u0643\u0631 \u0648\u0627\u0644\u0645\u0648\u062c\u0647 \u0646\u062d\u0648 \u0627\u0644\u0639\u0645\u0644\u0627\u0621\u060c \u062a\u0639\u062a\u0628\u0631 \u0627\u0644\u0639\u0644\u0627\u0645\u0629 [&hellip;]<\/p>\n","protected":false},"author":1,"featured_media":0,"parent":0,"menu_order":0,"comment_status":"closed","ping_status":"closed","template":"elementor_header_footer","meta":{"_acf_changed":false,"footnotes":""},"class_list":["post-69","page","type-page","status-publish","hentry"],"acf":[],"_links":{"self":[{"href":"https:\/\/innbesiktas.com\/ar\/wp-json\/wp\/v2\/pages\/69","targetHints":{"allow":["GET"]}}],"collection":[{"href":"https:\/\/innbesiktas.com\/ar\/wp-json\/wp\/v2\/pages"}],"about":[{"href":"https:\/\/innbesiktas.com\/ar\/wp-json\/wp\/v2\/types\/page"}],"author":[{"embeddable":true,"href":"https:\/\/innbesiktas.com\/ar\/wp-json\/wp\/v2\/users\/1"}],"replies":[{"embeddable":true,"href":"https:\/\/innbesiktas.com\/ar\/wp-json\/wp\/v2\/comments?post=69"}],"version-history":[{"count":12,"href":"https:\/\/innbesiktas.com\/ar\/wp-json\/wp\/v2\/pages\/69\/revisions"}],"predecessor-version":[{"id":2089,"href":"https:\/\/innbesiktas.com\/ar\/wp-json\/wp\/v2\/pages\/69\/revisions\/2089"}],"wp:attachment":[{"href":"https:\/\/innbesiktas.com\/ar\/wp-json\/wp\/v2\/media?parent=69"}],"curies":[{"name":"wp","href":"https:\/\/api.w.org\/{rel}","templated":true}]}}